{"id":167,"date":"2023-02-24T09:56:20","date_gmt":"2023-02-24T09:56:20","guid":{"rendered":"https:\/\/www.bakkie.de\/?page_id=167"},"modified":"2023-06-01T02:28:19","modified_gmt":"2023-06-01T00:28:19","slug":"impressum","status":"publish","type":"page","link":"https:\/\/www.cykel.store\/index.php\/impressum\/","title":{"rendered":"Impressum"},"content":{"rendered":"\t\t<div data-elementor-type=\"wp-page\" data-elementor-id=\"167\" class=\"elementor elementor-167\">\n\t\t\t\t\t\t<section class=\"has_eae_slider elementor-section elementor-top-section elementor-element elementor-element-c239bae elementor-section-boxed elementor-section-height-default elementor-section-height-default\" data-id=\"c239bae\" data-element_type=\"section\">\n\t\t\t\t\t\t<div class=\"elementor-container elementor-column-gap-default\">\n\t\t\t\t\t<div class=\"has_eae_slider elementor-column elementor-col-100 elementor-top-column elementor-element elementor-element-e3196f9\" data-id=\"e3196f9\" data-element_type=\"column\">\n\t\t\t<div class=\"elementor-widget-wrap elementor-element-populated\">\n\t\t\t\t\t\t<div class=\"elementor-element elementor-element-7a531ab elementor-widget elementor-widget-heading\" data-id=\"7a531ab\" data-element_type=\"widget\" data-widget_type=\"heading.default\">\n\t\t\t\t<div class=\"elementor-widget-container\">\n\t\t\t<h2 class=\"elementor-heading-title elementor-size-default\">IMPRESSUM<\/h2>\t\t<\/div>\n\t\t\t\t<\/div>\n\t\t\t\t\t<\/div>\n\t\t<\/div>\n\t\t\t\t\t<\/div>\n\t\t<\/section>\n\t\t\t\t<section class=\"has_eae_slider elementor-section elementor-top-section elementor-element elementor-element-ba20bd1 elementor-section-boxed elementor-section-height-default elementor-section-height-default\" data-id=\"ba20bd1\" data-element_type=\"section\">\n\t\t\t\t\t\t<div class=\"elementor-container elementor-column-gap-default\">\n\t\t\t\t\t<div class=\"has_eae_slider elementor-column elementor-col-100 elementor-top-column elementor-element elementor-element-7c626c4\" data-id=\"7c626c4\" data-element_type=\"column\">\n\t\t\t<div class=\"elementor-widget-wrap elementor-element-populated\">\n\t\t\t\t\t\t<div class=\"elementor-element elementor-element-bdea924 elementor-widget elementor-widget-text-editor\" data-id=\"bdea924\" data-element_type=\"widget\" data-widget_type=\"text-editor.default\">\n\t\t\t\t<div class=\"elementor-widget-container\">\n\t\t\t\t\t\t\t<p style=\"color: #333232; margin-right: 0px; margin-bottom: 19.4444px; margin-left: 0px; font-family: Helvetica, 'Helvetica Neue', Arial, 'Lucida Grande', sans-serif; font-size: 15px;\">Verantwortlich f\u00fcr den Inhalt \u00a7 55 Abs. 2 RSTV:<br \/>Kitendo Mobility\u00a0GmbH<br \/>Hoppenstedtstra\u00dfe 80<br \/>21073 Hamburg\u00a0<\/p><p style=\"color: #333232; margin-right: 0px; margin-bottom: 19.4444px; margin-left: 0px; font-family: Helvetica, 'Helvetica Neue', Arial, 'Lucida Grande', sans-serif; font-size: 15px;\">Gesch\u00e4ftsf\u00fchrer:\u00a0Sandro Rabbiosi<\/p><p style=\"color: #333232; margin-right: 0px; margin-bottom: 19.4444px; margin-left: 0px; font-family: Helvetica, 'Helvetica Neue', Arial, 'Lucida Grande', sans-serif; font-size: 15px;\">E-Mail:\u00a0info@cykel.store<\/p><p style=\"color: #333232; margin-right: 0px; margin-bottom: 0px; margin-left: 0px; font-family: Helvetica, 'Helvetica Neue', Arial, 'Lucida Grande', sans-serif; font-size: 15px;\">Tel.:\u00a0<span style=\"font-family: Arial, sans-serif; color: #333333; font-size: 1rem;\">040 333 88 695 (Festnetz) oder\u00a0<\/span>0176 55925327 (Mobil \/ Whatsapp)<\/p><p style=\"color: #333232; margin-right: 0px; margin-bottom: 0px; margin-left: 0px; font-family: Helvetica, 'Helvetica Neue', Arial, 'Lucida Grande', sans-serif; font-size: 15px;\">\u00d6ffnungszeiten: Di.-Sa.\u00a010.00 &#8211; 13.00\u00a0Uhr, 14.00 &#8211; 19.00<\/p><p style=\"color: #333232; margin-right: 0px; margin-bottom: 0px; margin-left: 0px; font-family: Helvetica, 'Helvetica Neue', Arial, 'Lucida Grande', sans-serif; font-size: 15px;\">USt-IdNr.:\u00a0DE333741845<br \/>Hamburg: HRB\u00a0164168<\/p><p style=\"color: #333232; margin-right: 0px; margin-bottom: 0px; margin-left: 0px; font-family: Helvetica, 'Helvetica Neue', Arial, 'Lucida Grande', sans-serif; font-size: 15px;\">Internet Adressen:\u00a0www.kitendo.de, www.bakkie.de, www.cykel.store<\/p><p style=\"color: #333232; margin-right: 0px; margin-bottom: 0px; margin-left: 0px; font-family: Helvetica, 'Helvetica Neue', Arial, 'Lucida Grande', sans-serif; font-size: 15px;\">\u00a0<\/p><p style=\"color: #333232; margin-right: 0px; margin-bottom: 0px; margin-left: 0px; font-family: Helvetica, 'Helvetica Neue', Arial, 'Lucida Grande', sans-serif; font-size: 15px;\"><span style=\"color: #333333; font-family: -apple-system, BlinkMacSystemFont, 'Segoe UI', Roboto, 'Helvetica Neue', Arial, 'Noto Sans', sans-serif, 'Apple Color Emoji', 'Segoe UI Emoji', 'Segoe UI Symbol', 'Noto Color Emoji'; font-size: 1rem;\">\u00a0<\/span><\/p><p style=\"color: #333232; margin-right: 0px; margin-bottom: 0px; margin-left: 0px; font-family: Helvetica, 'Helvetica Neue', Arial, 'Lucida Grande', sans-serif; font-size: 15px;\"><span style=\"color: #333333; font-family: -apple-system, BlinkMacSystemFont, 'Segoe UI', Roboto, 'Helvetica Neue', Arial, 'Noto Sans', sans-serif, 'Apple Color Emoji', 'Segoe UI Emoji', 'Segoe UI Symbol', 'Noto Color Emoji'; font-size: 1rem;\">Haftung f\u00fcr Inhalte<\/span><\/p><p>Alle Inhalte unseres Internetangebots wurden mit gr\u00f6\u00dfter Sorgfalt erstellt und gepr\u00fcft. Wir \u00fcbernehmen jedoch keine Gew\u00e4hr daf\u00fcr, dass die Inhalte unserer eigenen Webseite jederzeit korrekt, vollst\u00e4ndig und auf dem neuesten Stand sind. Gem\u00e4\u00df \u00a7 7 Abs. 1 TMG sind wir als Dienstanbieter f\u00fcr eigene Inhalte unseres Internetangebots nach den allgemeinen Gesetzen verantwortlich. Eine Verpflichtung zur \u00dcberwachung fremder \u00fcbermittelter oder gespeicherter Informationen besteht gem\u00e4\u00df \u00a7\u00a7 8-10 TMG nicht. Davon unber\u00fchrt bleiben Verpflichtungen zur Entfernung oder Sperrung der Nutzung von Informationen, die sich aus den allgemeinen Gesetzen ergeben. Inhalte der vorgenannten Art werden wir jedoch umgehend entfernen, wenn uns Rechtsverletzungen bekannt werden. Erst ab dem Zeitpunkt der Kenntniserlangung einer konkreten Rechtsverletzung kann eine Haftung \u00fcbernommen werden.<\/p><p>Haftung f\u00fcr Links<br \/>Unsere Seiten enthalten Verlinkungen auf externe Webseiten Dritter. Auf die Inhalte der verlinkten Webseiten haben wir keinen Einfluss. Demgem\u00e4\u00df kann f\u00fcr diese fremden Inhalte keinerlei Gew\u00e4hr \u00fcbernommen werden. F\u00fcr die Inhalte der verlinkten Webseiten ist stets der jeweilige Anbieter oder Seitenbetreiber verantwortlich. Die verlinkten Webseiten wurden zum Zeitpunkt der Verlinkung auf m\u00f6gliche Rechtsverst\u00f6\u00dfe gepr\u00fcft. Rechtsverletzungen waren zu diesem Zeitpunkt jedoch nicht erkennbar. Eine dauerhafte \u00dcberpr\u00fcfung aller Inhalte der verlinkten Webseite ist ohne konkrete Anhaltspunkte f\u00fcr eine Rechtsverletzung nicht umzusetzen. Gleichwohl werden wir Verlinkungen sofort entfernen, wenn uns Rechtsverletzungen bekannt werden sollten.<\/p><p>Urheberrecht<br \/>Die auf unserer Webseite ver\u00f6ffentlichten Informationen (Texte \u2013 und Bildmaterial, Grafiken, u.\u00e4.m.) sowie deren Struktur unterliegen \u2013 soweit nicht auf das Urheberrecht Dritter (insb. bei Bildmaterial), in unserer Datenschutzerkl\u00e4rung, durch eine anderweitige Urhebernennung hingewiesen wird \u2013 dem Urheberrecht, Kitendo Mobility GmbH. Au\u00dferdem unterliegen Produktbezeichnungen, Abbildungen, Logos und Herstellernamen teilweise auch dem Urheberrecht Dritter. Jede Verwendung au\u00dferhalb der engen Grenzen des Urheberrechtsgesetzes ist ohne Zustimmung unzul\u00e4ssig und strafbar. Der Nutzung von im Rahmen der Impressumspflicht ver\u00f6ffentlichten Kontaktdaten zur \u00dcbersendung von nicht ausdr\u00fccklich angeforderter Werbung und Informationsmaterialien wird hiermit widersprochen. Die Betreiber der Seiten behalten sich ausdr\u00fccklich rechtliche Schritte im Falle der unverlangten Zusendung von Werbeinformationen, etwa durch Spam-E-Mails, vor.<\/p><p>Informationen zur Online-Streitbeteiligung<br \/>Die EU-Kommission stellt im Internet unter folgendem Link eine Plattform zur Online-Streitbeilegung bereit:\u00a0<a style=\"touch-action: manipulation; color: #3a3a3a; border-bottom: none; padding-bottom: 1px;\" href=\"http:\/\/ec.europa.eu\/consumers\/odr\" target=\"_blank\" rel=\"nofollow noopener noreferrer\" aria-describedby=\"a11y-new-window-external-message\">http:\/\/ec.europa.eu\/consumers\/odr<\/a>\u00a0Diese Plattform dient zur au\u00dfergerichtlichen Beilegung von Streitigkeiten, an denen ein Verbraucher beteiligt ist.<\/p>\t\t\t\t\t\t<\/div>\n\t\t\t\t<\/div>\n\t\t\t\t\t<\/div>\n\t\t<\/div>\n\t\t\t\t\t<\/div>\n\t\t<\/section>\n\t\t\t\t<\/div>\n\t\t","protected":false},"excerpt":{"rendered":"<p>IMPRESSUM Verantwortlich f\u00fcr den Inhalt \u00a7 55 Abs. 2 RSTV:Kitendo Mobility\u00a0GmbHHoppenstedtstra\u00dfe 8021073 Hamburg\u00a0 Gesch\u00e4ftsf\u00fchrer:\u00a0Sandro Rabbiosi E-Mail:\u00a0info@cykel.store Tel.:\u00a0040 333 88 695 (Festnetz) oder\u00a00176 55925327 (Mobil \/ Whatsapp) \u00d6ffnungszeiten: Di.-Sa.\u00a010.00 &#8211; 13.00\u00a0Uhr, 14.00 &#8211; 19.00 USt-IdNr.:\u00a0DE333741845Hamburg: HRB\u00a0164168 Internet Adressen:\u00a0www.kitendo.de, www.bakkie.de, www.cykel.store \u00a0 \u00a0 Haftung f\u00fcr Inhalte Alle Inhalte unseres Internetangebots wurden mit gr\u00f6\u00dfter Sorgfalt erstellt und gepr\u00fcft. [&hellip;]<\/p>\n","protected":false},"author":3,"featured_media":0,"parent":0,"menu_order":0,"comment_status":"closed","ping_status":"closed","template":"","meta":{"footnotes":""},"class_list":["post-167","page","type-page","status-publish","hentry"],"_links":{"self":[{"href":"https:\/\/www.cykel.store\/index.php\/wp-json\/wp\/v2\/pages\/167","targetHints":{"allow":["GET"]}}],"collection":[{"href":"https:\/\/www.cykel.store\/index.php\/wp-json\/wp\/v2\/pages"}],"about":[{"href":"https:\/\/www.cykel.store\/index.php\/wp-json\/wp\/v2\/types\/page"}],"author":[{"embeddable":true,"href":"https:\/\/www.cykel.store\/index.php\/wp-json\/wp\/v2\/users\/3"}],"replies":[{"embeddable":true,"href":"https:\/\/www.cykel.store\/index.php\/wp-json\/wp\/v2\/comments?post=167"}],"version-history":[{"count":37,"href":"https:\/\/www.cykel.store\/index.php\/wp-json\/wp\/v2\/pages\/167\/revisions"}],"predecessor-version":[{"id":887,"href":"https:\/\/www.cykel.store\/index.php\/wp-json\/wp\/v2\/pages\/167\/revisions\/887"}],"wp:attachment":[{"href":"https:\/\/www.cykel.store\/index.php\/wp-json\/wp\/v2\/media?parent=167"}],"curies":[{"name":"wp","href":"https:\/\/api.w.org\/{rel}","templated":true}]}}