{"id":512,"date":"2023-03-02T01:13:46","date_gmt":"2023-03-02T01:13:46","guid":{"rendered":"https:\/\/www.bakkie.de\/?page_id=512"},"modified":"2024-10-29T15:37:44","modified_gmt":"2024-10-29T14:37:44","slug":"verleih","status":"publish","type":"page","link":"https:\/\/www.cykel.store\/index.php\/verleih\/","title":{"rendered":"Verleih"},"content":{"rendered":"\t\t<div data-elementor-type=\"wp-page\" data-elementor-id=\"512\" class=\"elementor elementor-512\">\n\t\t\t\t\t\t<section class=\"has_eae_slider elementor-section elementor-top-section elementor-element elementor-element-10fb595 elementor-section-boxed elementor-section-height-default elementor-section-height-default\" data-id=\"10fb595\" data-element_type=\"section\">\n\t\t\t\t\t\t<div class=\"elementor-container elementor-column-gap-default\">\n\t\t\t\t\t<div class=\"has_eae_slider elementor-column elementor-col-100 elementor-top-column elementor-element elementor-element-661ba25\" data-id=\"661ba25\" data-element_type=\"column\">\n\t\t\t<div class=\"elementor-widget-wrap elementor-element-populated\">\n\t\t\t\t\t\t<div class=\"elementor-element elementor-element-5618efd elementor-widget elementor-widget-text-editor\" data-id=\"5618efd\" data-element_type=\"widget\" data-widget_type=\"text-editor.default\">\n\t\t\t\t<div class=\"elementor-widget-container\">\n\t\t\t\t\t\t\t<p><strong>City Rad ohne Motor:<\/strong> 1. Tag kostet 7 Euro und jeder weitere 5 Euro \u2013 bei Reparaturauftrag kostenlos.<\/p><p><strong>E-Bike oder Lastenrad (Tagespreise):<\/strong>\u00a01. Tag kostet 25 Euro und jeder weitere 10 Euro pro Tag \u2013 bei Reparaturauftrag ab dem 1. Tag 10 Euro pro Tag.<\/p><p><strong>E-Bike oder Lastenrad (Stundenbasis) :<\/strong>\u00a01. Stunde kostet 10 Euro jede weitere 3 Euro \u2013 1. Tag max. 25 Euro und jeder weitere 10 Euro.<\/p>\t\t\t\t\t\t<\/div>\n\t\t\t\t<\/div>\n\t\t\t\t<div class=\"elementor-element elementor-element-3aa1f13 elementor-widget elementor-widget-text-editor\" data-id=\"3aa1f13\" data-element_type=\"widget\" data-widget_type=\"text-editor.default\">\n\t\t\t\t<div class=\"elementor-widget-container\">\n\t\t\t\t\t\t\t<p>Ausleih nur ab 18 Jahren. Fahrzeuge d\u00fcrfen aber von unter 18 j\u00e4hrigen gefahren werden.<\/p><p>Verleih von E-Bike nur mit g\u00fcltiger privater Haftpflichtversicherung. Geliehene Fahrzeuge sind nicht gegen Diebstahl versichert.<\/p>\t\t\t\t\t\t<\/div>\n\t\t\t\t<\/div>\n\t\t\t\t<div class=\"elementor-element elementor-element-d937c24 elementor-widget elementor-widget-text-editor\" data-id=\"d937c24\" data-element_type=\"widget\" data-widget_type=\"text-editor.default\">\n\t\t\t\t<div class=\"elementor-widget-container\">\n\t\t\t\t\t\t\t<!--\nPlugin Name: Bookly \u2013 Responsive WordPress Appointment Booking and Scheduling Plugin\nPlugin URI: https:\/\/www.booking-wp-plugin.com\/?utm_source=bookly_admin&utm_medium=plugins_page&utm_campaign=plugins_page\nVersion: 24.3-->\n<style type=\"text\/css\">\n    :root {\n        --bookly-main-color: #f4662f !important;\n    }\n\n    <\/style><div class=\"bookly-css-root\">\n    <div id=\"bookly-form-69fb18e8aad36\" class=\"bookly-form\" data-form_id=\"69fb18e8aad36\" aria-live=\"polite\">\n        <div style=\"text-align: center\"><img decoding=\"async\" src=\"https:\/\/www.cykel.store\/wp-includes\/js\/tinymce\/skins\/lightgray\/img\/loader.gif\" alt=\"Wird geladen ...\"\/><\/div>\n    <\/div>\n<\/div>\n<script type=\"text\/javascript\">\n    (function (win, fn) {\n        var done = false, top = true,\n            doc = win.document,\n            root = doc.documentElement,\n            modern = doc.addEventListener,\n            add = modern ? 'addEventListener' : 'attachEvent',\n            rem = modern ? 'removeEventListener' : 'detachEvent',\n            pre = modern ? '' : 'on',\n            init = function (e) {\n                if (e.type == 'readystatechange') if (doc.readyState != 'complete') return;\n                (e.type == 'load' ? win : doc)[rem](pre + e.type, init, false);\n                if (!done) {\n                    done = true;\n                    fn.call(win, e.type || e);\n                }\n            },\n            poll = function () {\n                try {\n                    root.doScroll('left');\n                } catch (e) {\n                    setTimeout(poll, 50);\n                    return;\n                }\n                init('poll');\n            };\n        if (doc.readyState == 'complete') fn.call(win, 'lazy');\n        else {\n            if (!modern) if (root.doScroll) {\n                try {\n                    top = !win.frameElement;\n                } catch (e) {\n                }\n                if (top) poll();\n            }\n            doc[add](pre + 'DOMContentLoaded', init, false);\n            doc[add](pre + 'readystatechange', init, false);\n            win[add](pre + 'load', init, false);\n        }\n    })(window, function () {\n        window.bookly( {\"form_id\":\"69fb18e8aad36\",\"status\":{\"booking\":\"new\"},\"skip_steps\":{\"service_part1\":0,\"service_part2\":0,\"extras\":1,\"time\":0,\"repeat\":1,\"cart\":1},\"errors\":{\"session_error\":\"Session-Fehler.\",\"form_id_error\":\"Formular-ID Fehler.\",\"cart_item_not_available\":\"Die eingestellte Zeit ist nicht mehr vorhanden. Bitte w\\u00e4hlen Sie ein anderes Zeitfenster\\n.\",\"pay_locally_not_available\":\"Vor Ort zahlen ist nicht verf\\u00fcgbar.\",\"invalid_gateway\":\"Ung\\u00fcltiger Zugang.\",\"payment_error\":\"Fehler.\",\"incorrect_username_password\":\"Der Benutzername oder das Passwort ist falsch.\"},\"form_attributes\":{\"hide_categories\":true,\"hide_services\":false,\"hide_staff_members\":true,\"show_number_of_persons\":false,\"hide_service_duration\":false,\"hide_locations\":true,\"hide_quantity\":true,\"hide_date\":false,\"hide_week_days\":true,\"hide_time_range\":true,\"const_category_id\":2},\"use_client_time_zone\":0,\"defaults\":{\"service_id\":0,\"staff_id\":0,\"location_id\":0,\"category_id\":2},\"datepicker_mode\":\"text-accent\",\"facebook\":{\"enabled\":1,\"appId\":\"\"}} );\n    });\n<\/script><p>\u00a0<\/p>\t\t\t\t\t\t<\/div>\n\t\t\t\t<\/div>\n\t\t\t\t\t<\/div>\n\t\t<\/div>\n\t\t\t\t\t<\/div>\n\t\t<\/section>\n\t\t\t\t<section class=\"has_eae_slider elementor-section elementor-top-section elementor-element elementor-element-a7ba6f6 elementor-section-boxed elementor-section-height-default elementor-section-height-default\" data-id=\"a7ba6f6\" data-element_type=\"section\">\n\t\t\t\t\t\t<div class=\"elementor-container elementor-column-gap-default\">\n\t\t\t\t\t<div class=\"has_eae_slider elementor-column elementor-col-100 elementor-top-column elementor-element elementor-element-7b56fe3\" data-id=\"7b56fe3\" data-element_type=\"column\">\n\t\t\t<div class=\"elementor-widget-wrap elementor-element-populated\">\n\t\t\t\t\t\t<section class=\"has_eae_slider elementor-section elementor-inner-section elementor-element elementor-element-03d9649 elementor-section-boxed elementor-section-height-default elementor-section-height-default\" data-id=\"03d9649\" data-element_type=\"section\">\n\t\t\t\t\t\t<div class=\"elementor-container elementor-column-gap-default\">\n\t\t\t\t\t<div class=\"has_eae_slider elementor-column elementor-col-50 elementor-inner-column elementor-element elementor-element-e71f4cf\" data-id=\"e71f4cf\" data-element_type=\"column\">\n\t\t\t<div class=\"elementor-widget-wrap elementor-element-populated\">\n\t\t\t\t\t\t<div class=\"elementor-element elementor-element-02b2e26 elementor-widget elementor-widget-image\" data-id=\"02b2e26\" data-element_type=\"widget\" data-widget_type=\"image.default\">\n\t\t\t\t<div class=\"elementor-widget-container\">\n\t\t\t\t\t\t\t\t\t\t<figure class=\"wp-caption\">\n\t\t\t\t\t\t\t\t\t\t<img fetchpriority=\"high\" decoding=\"async\" width=\"768\" height=\"446\" src=\"https:\/\/www.cykel.store\/wp-content\/uploads\/2023\/06\/DSC_3045-768x446-1.png\" class=\"attachment-large size-large wp-image-870\" alt=\"\" srcset=\"https:\/\/www.cykel.store\/wp-content\/uploads\/2023\/06\/DSC_3045-768x446-1.png 768w, https:\/\/www.cykel.store\/wp-content\/uploads\/2023\/06\/DSC_3045-768x446-1-300x174.png 300w, https:\/\/www.cykel.store\/wp-content\/uploads\/2023\/06\/DSC_3045-768x446-1-600x348.png 600w\" sizes=\"(max-width: 768px) 100vw, 768px\" \/>\t\t\t\t\t\t\t\t\t\t\t<figcaption class=\"widget-image-caption wp-caption-text\">E-Anh\u00e4nger: m\u00fchelos ganz viel Last tragen, passt an jedes Rad<\/figcaption>\n\t\t\t\t\t\t\t\t\t\t<\/figure>\n\t\t\t\t\t\t\t<\/div>\n\t\t\t\t<\/div>\n\t\t\t\t\t<\/div>\n\t\t<\/div>\n\t\t\t\t<div class=\"has_eae_slider elementor-column elementor-col-50 elementor-inner-column elementor-element elementor-element-c69b069\" data-id=\"c69b069\" data-element_type=\"column\">\n\t\t\t<div class=\"elementor-widget-wrap elementor-element-populated\">\n\t\t\t\t\t\t<div class=\"elementor-element elementor-element-af0a56b elementor-widget elementor-widget-image\" data-id=\"af0a56b\" data-element_type=\"widget\" data-widget_type=\"image.default\">\n\t\t\t\t<div class=\"elementor-widget-container\">\n\t\t\t\t\t\t\t\t\t\t<figure class=\"wp-caption\">\n\t\t\t\t\t\t\t\t\t\t<img decoding=\"async\" width=\"768\" height=\"446\" src=\"https:\/\/www.cykel.store\/wp-content\/uploads\/2023\/06\/Bicicapace-Justlong-racing-green-szene.jpg\" class=\"attachment-large size-large wp-image-877\" alt=\"\" srcset=\"https:\/\/www.cykel.store\/wp-content\/uploads\/2023\/06\/Bicicapace-Justlong-racing-green-szene.jpg 768w, https:\/\/www.cykel.store\/wp-content\/uploads\/2023\/06\/Bicicapace-Justlong-racing-green-szene-300x174.jpg 300w, https:\/\/www.cykel.store\/wp-content\/uploads\/2023\/06\/Bicicapace-Justlong-racing-green-szene-600x348.jpg 600w\" sizes=\"(max-width: 768px) 100vw, 768px\" \/>\t\t\t\t\t\t\t\t\t\t\t<figcaption class=\"widget-image-caption wp-caption-text\">E-Bicicapace: Extralanges Heck auf knappstem Raum, perfekt als Familienrad<\/figcaption>\n\t\t\t\t\t\t\t\t\t\t<\/figure>\n\t\t\t\t\t\t\t<\/div>\n\t\t\t\t<\/div>\n\t\t\t\t\t<\/div>\n\t\t<\/div>\n\t\t\t\t\t<\/div>\n\t\t<\/section>\n\t\t\t\t<section class=\"has_eae_slider elementor-section elementor-inner-section elementor-element elementor-element-80385b3 elementor-section-boxed elementor-section-height-default elementor-section-height-default\" data-id=\"80385b3\" data-element_type=\"section\">\n\t\t\t\t\t\t<div class=\"elementor-container elementor-column-gap-default\">\n\t\t\t\t\t<div class=\"has_eae_slider elementor-column elementor-col-50 elementor-inner-column elementor-element elementor-element-7e637dd\" data-id=\"7e637dd\" data-element_type=\"column\">\n\t\t\t<div class=\"elementor-widget-wrap elementor-element-populated\">\n\t\t\t\t\t\t<div class=\"elementor-element elementor-element-b89484d elementor-widget elementor-widget-image\" data-id=\"b89484d\" data-element_type=\"widget\" data-widget_type=\"image.default\">\n\t\t\t\t<div class=\"elementor-widget-container\">\n\t\t\t\t\t\t\t\t\t\t<figure class=\"wp-caption\">\n\t\t\t\t\t\t\t\t\t\t<img decoding=\"async\" width=\"768\" height=\"446\" src=\"https:\/\/www.cykel.store\/wp-content\/uploads\/2023\/06\/T0A7132-web.jpg\" class=\"attachment-large size-large wp-image-876\" alt=\"\" srcset=\"https:\/\/www.cykel.store\/wp-content\/uploads\/2023\/06\/T0A7132-web.jpg 768w, https:\/\/www.cykel.store\/wp-content\/uploads\/2023\/06\/T0A7132-web-300x174.jpg 300w, https:\/\/www.cykel.store\/wp-content\/uploads\/2023\/06\/T0A7132-web-600x348.jpg 600w\" sizes=\"(max-width: 768px) 100vw, 768px\" \/>\t\t\t\t\t\t\t\t\t\t\t<figcaption class=\"widget-image-caption wp-caption-text\">E-Black Iron Horse: Ger\u00e4umiges wie gelenkiges Familien-Dreirad<\/figcaption>\n\t\t\t\t\t\t\t\t\t\t<\/figure>\n\t\t\t\t\t\t\t<\/div>\n\t\t\t\t<\/div>\n\t\t\t\t\t<\/div>\n\t\t<\/div>\n\t\t\t\t<div class=\"has_eae_slider elementor-column elementor-col-50 elementor-inner-column elementor-element elementor-element-6de51f3\" data-id=\"6de51f3\" data-element_type=\"column\">\n\t\t\t<div class=\"elementor-widget-wrap elementor-element-populated\">\n\t\t\t\t\t\t<div class=\"elementor-element elementor-element-fc9edab elementor-widget elementor-widget-image\" data-id=\"fc9edab\" data-element_type=\"widget\" data-widget_type=\"image.default\">\n\t\t\t\t<div class=\"elementor-widget-container\">\n\t\t\t\t\t\t\t\t\t\t<figure class=\"wp-caption\">\n\t\t\t\t\t\t\t\t\t\t<img loading=\"lazy\" decoding=\"async\" width=\"776\" height=\"446\" src=\"https:\/\/www.cykel.store\/wp-content\/uploads\/2023\/06\/Bollerwagen1_freigestellt-768x712-2.png\" class=\"attachment-large size-large wp-image-878\" alt=\"\" srcset=\"https:\/\/www.cykel.store\/wp-content\/uploads\/2023\/06\/Bollerwagen1_freigestellt-768x712-2.png 776w, https:\/\/www.cykel.store\/wp-content\/uploads\/2023\/06\/Bollerwagen1_freigestellt-768x712-2-300x172.png 300w, https:\/\/www.cykel.store\/wp-content\/uploads\/2023\/06\/Bollerwagen1_freigestellt-768x712-2-768x441.png 768w, https:\/\/www.cykel.store\/wp-content\/uploads\/2023\/06\/Bollerwagen1_freigestellt-768x712-2-600x345.png 600w\" sizes=\"(max-width: 776px) 100vw, 776px\" \/>\t\t\t\t\t\t\t\t\t\t\t<figcaption class=\"widget-image-caption wp-caption-text\">Bollerwagen: der vielseitige Helfer f\u00fcr Deinen Alltag und Ausfl\u00fcge ins Gr\u00fcne <\/figcaption>\n\t\t\t\t\t\t\t\t\t\t<\/figure>\n\t\t\t\t\t\t\t<\/div>\n\t\t\t\t<\/div>\n\t\t\t\t\t<\/div>\n\t\t<\/div>\n\t\t\t\t\t<\/div>\n\t\t<\/section>\n\t\t\t\t\t<\/div>\n\t\t<\/div>\n\t\t\t\t\t<\/div>\n\t\t<\/section>\n\t\t\t\t<\/div>\n\t\t","protected":false},"excerpt":{"rendered":"<p>City Rad ohne Motor: 1. Tag kostet 7 Euro und jeder weitere 5 Euro \u2013 bei Reparaturauftrag kostenlos. E-Bike oder Lastenrad (Tagespreise):\u00a01. Tag kostet 25 Euro und jeder weitere 10 Euro pro Tag \u2013 bei Reparaturauftrag ab dem 1. Tag 10 Euro pro Tag. E-Bike oder Lastenrad (Stundenbasis) :\u00a01. Stunde kostet 10 Euro jede weitere [&hellip;]<\/p>\n","protected":false},"author":3,"featured_media":0,"parent":0,"menu_order":0,"comment_status":"closed","ping_status":"closed","template":"","meta":{"footnotes":""},"class_list":["post-512","page","type-page","status-publish","hentry"],"_links":{"self":[{"href":"https:\/\/www.cykel.store\/index.php\/wp-json\/wp\/v2\/pages\/512","targetHints":{"allow":["GET"]}}],"collection":[{"href":"https:\/\/www.cykel.store\/index.php\/wp-json\/wp\/v2\/pages"}],"about":[{"href":"https:\/\/www.cykel.store\/index.php\/wp-json\/wp\/v2\/types\/page"}],"author":[{"embeddable":true,"href":"https:\/\/www.cykel.store\/index.php\/wp-json\/wp\/v2\/users\/3"}],"replies":[{"embeddable":true,"href":"https:\/\/www.cykel.store\/index.php\/wp-json\/wp\/v2\/comments?post=512"}],"version-history":[{"count":160,"href":"https:\/\/www.cykel.store\/index.php\/wp-json\/wp\/v2\/pages\/512\/revisions"}],"predecessor-version":[{"id":1215,"href":"https:\/\/www.cykel.store\/index.php\/wp-json\/wp\/v2\/pages\/512\/revisions\/1215"}],"wp:attachment":[{"href":"https:\/\/www.cykel.store\/index.php\/wp-json\/wp\/v2\/media?parent=512"}],"curies":[{"name":"wp","href":"https:\/\/api.w.org\/{rel}","templated":true}]}}